{"id":6099,"date":"2026-04-11T15:02:15","date_gmt":"2026-04-11T13:02:15","guid":{"rendered":"https:\/\/konferencja.interzero.pl\/?page_id=6099"},"modified":"2026-04-12T08:54:15","modified_gmt":"2026-04-12T06:54:15","slug":"cookie-policy","status":"publish","type":"page","link":"https:\/\/konferencja.interzero.pl\/en\/polityka-cookie\/","title":{"rendered":"Cookie policy"},"content":{"rendered":"<div data-elementor-type=\"wp-page\" data-elementor-id=\"6099\" class=\"elementor elementor-6099\" data-elementor-post-type=\"page\">\n\t\t\t\t<div class=\"elementor-element elementor-element-ee753fd e-flex e-con-boxed e-con e-parent\" data-id=\"ee753fd\" data-element_type=\"container\">\n\t\t\t\t\t<div class=\"e-con-inner\">\n\t\t\t\t<div class=\"elementor-element elementor-element-1969a98 elementor-widget elementor-widget-html\" data-id=\"1969a98\" data-element_type=\"widget\" data-widget_type=\"html.default\">\n\t\t\t\t<div class=\"elementor-widget-container\">\n\t\t\t\t\t<script id=\"CookieDeclaration\" src=\"https:\/\/consent.cookiebot.com\/cdc98dda-daf3-4e41-8933-fcbde82d9da0\/cd.js\" type=\"text\/javascript\" async><\/script>\t\t\t\t<\/div>\n\t\t\t\t<\/div>\n\t\t\t\t\t<\/div>\n\t\t\t\t<\/div>\n\t\t\t\t<\/div>","protected":false},"excerpt":{"rendered":"","protected":false},"author":6,"featured_media":0,"parent":0,"menu_order":0,"comment_status":"closed","ping_status":"closed","template":"","meta":{"footnotes":""},"class_list":["post-6099","page","type-page","status-publish","hentry"],"yoast_head":"<!-- This site is optimized with the Yoast SEO plugin v26.4 - https:\/\/yoast.com\/wordpress\/plugins\/seo\/ -->\n<title>Polityka cookies \u2013 Konferencja Interzero<\/title>\n<meta name=\"description\" content=\"Polityka cookies strony Konferencji Interzero \u2013 informacje o plikach cookies oraz zasadach ich wykorzystywania w serwisie\" \/>\n<meta name=\"robots\" content=\"index, follow, max-snippet:-1, max-image-preview:large, max-video-preview:-1\" \/>\n<link rel=\"canonical\" href=\"https:\/\/konferencja.interzero.pl\/en\/cookie-policy\/\" \/>\n<meta property=\"og:locale\" content=\"en_GB\" \/>\n<meta property=\"og:type\" content=\"article\" \/>\n<meta property=\"og:title\" content=\"Polityka cookies \u2013 Konferencja Interzero\" \/>\n<meta property=\"og:description\" content=\"Polityka cookies strony Konferencji Interzero \u2013 informacje o plikach cookies oraz zasadach ich wykorzystywania w serwisie\" \/>\n<meta property=\"og:url\" content=\"https:\/\/konferencja.interzero.pl\/en\/cookie-policy\/\" \/>\n<meta property=\"og:site_name\" content=\"Konferencja \u015arodowiskowa Interzero\" \/>\n<meta property=\"article:modified_time\" content=\"2026-04-12T06:54:15+00:00\" \/>\n<meta name=\"twitter:card\" content=\"summary_large_image\" \/>\n<meta name=\"twitter:title\" content=\"Polityka cookies \u2013 Konferencja Interzero\" \/>\n<meta name=\"twitter:description\" content=\"Polityka cookies strony Konferencji Interzero \u2013 informacje o plikach cookies oraz zasadach ich wykorzystywania w serwisie\" \/>\n<script type=\"application\/ld+json\" class=\"yoast-schema-graph\">{\"@context\":\"https:\/\/schema.org\",\"@graph\":[{\"@type\":\"WebPage\",\"@id\":\"https:\/\/konferencja.interzero.pl\/polityka-cookie\/\",\"url\":\"https:\/\/konferencja.interzero.pl\/polityka-cookie\/\",\"name\":\"Polityka cookies \u2013 Konferencja Interzero\",\"isPartOf\":{\"@id\":\"https:\/\/konferencja.interzero.pl\/#website\"},\"datePublished\":\"2026-04-11T13:02:15+00:00\",\"dateModified\":\"2026-04-12T06:54:15+00:00\",\"description\":\"Polityka cookies strony Konferencji Interzero \u2013 informacje o plikach cookies oraz zasadach ich wykorzystywania w serwisie\",\"breadcrumb\":{\"@id\":\"https:\/\/konferencja.interzero.pl\/polityka-cookie\/#breadcrumb\"},\"inLanguage\":\"en-GB\",\"potentialAction\":[{\"@type\":\"ReadAction\",\"target\":[\"https:\/\/konferencja.interzero.pl\/polityka-cookie\/\"]}]},{\"@type\":\"BreadcrumbList\",\"@id\":\"https:\/\/konferencja.interzero.pl\/polityka-cookie\/#breadcrumb\",\"itemListElement\":[{\"@type\":\"ListItem\",\"position\":1,\"name\":\"Strona g\u0142\u00f3wna\",\"item\":\"https:\/\/konferencja.interzero.pl\/\"},{\"@type\":\"ListItem\",\"position\":2,\"name\":\"Polityka cookies\"}]},{\"@type\":\"WebSite\",\"@id\":\"https:\/\/konferencja.interzero.pl\/#website\",\"url\":\"https:\/\/konferencja.interzero.pl\/\",\"name\":\"Konferencja \u015arodowiskowa Interzero\",\"description\":\"Do\u0142\u0105cz do ekspert\u00f3w ochrony \u015brodowiska i lider\u00f3w biznesu na dorocznym spotkaniu po\u015bwi\u0119conym gospodarce obiegu zamkni\u0119tego, ESG i najnowszym regulacjom prawnym.\",\"publisher\":{\"@id\":\"https:\/\/konferencja.interzero.pl\/#organization\"},\"potentialAction\":[{\"@type\":\"SearchAction\",\"target\":{\"@type\":\"EntryPoint\",\"urlTemplate\":\"https:\/\/konferencja.interzero.pl\/?s={search_term_string}\"},\"query-input\":{\"@type\":\"PropertyValueSpecification\",\"valueRequired\":true,\"valueName\":\"search_term_string\"}}],\"inLanguage\":\"en-GB\"},{\"@type\":\"Organization\",\"@id\":\"https:\/\/konferencja.interzero.pl\/#organization\",\"name\":\"Konferencja \u015arodowiskowa Interzero\",\"url\":\"https:\/\/konferencja.interzero.pl\/\",\"logo\":{\"@type\":\"ImageObject\",\"inLanguage\":\"en-GB\",\"@id\":\"https:\/\/konferencja.interzero.pl\/#\/schema\/logo\/image\/\",\"url\":\"https:\/\/konferencja.interzero.pl\/wp-content\/uploads\/2024\/05\/ks-iz-logo.svg\",\"contentUrl\":\"https:\/\/konferencja.interzero.pl\/wp-content\/uploads\/2024\/05\/ks-iz-logo.svg\",\"width\":2140,\"height\":430,\"caption\":\"Konferencja \u015arodowiskowa Interzero\"},\"image\":{\"@id\":\"https:\/\/konferencja.interzero.pl\/#\/schema\/logo\/image\/\"}}]}<\/script>\n<!-- \/ Yoast SEO plugin. -->","yoast_head_json":{"title":"Cookie policy - Interzero Conference","description":"Cookie policy of the Interzero Conference website - information about cookies and the rules of their use on the site","robots":{"index":"index","follow":"follow","max-snippet":"max-snippet:-1","max-image-preview":"max-image-preview:large","max-video-preview":"max-video-preview:-1"},"canonical":"https:\/\/konferencja.interzero.pl\/en\/cookie-policy\/","og_locale":"en_GB","og_type":"article","og_title":"Polityka cookies \u2013 Konferencja Interzero","og_description":"Polityka cookies strony Konferencji Interzero \u2013 informacje o plikach cookies oraz zasadach ich wykorzystywania w serwisie","og_url":"https:\/\/konferencja.interzero.pl\/en\/cookie-policy\/","og_site_name":"Konferencja \u015arodowiskowa Interzero","article_modified_time":"2026-04-12T06:54:15+00:00","twitter_card":"summary_large_image","twitter_title":"Polityka cookies \u2013 Konferencja Interzero","twitter_description":"Polityka cookies strony Konferencji Interzero \u2013 informacje o plikach cookies oraz zasadach ich wykorzystywania w serwisie","schema":{"@context":"https:\/\/schema.org","@graph":[{"@type":"WebPage","@id":"https:\/\/konferencja.interzero.pl\/polityka-cookie\/","url":"https:\/\/konferencja.interzero.pl\/polityka-cookie\/","name":"Cookie policy - Interzero Conference","isPartOf":{"@id":"https:\/\/konferencja.interzero.pl\/#website"},"datePublished":"2026-04-11T13:02:15+00:00","dateModified":"2026-04-12T06:54:15+00:00","description":"Cookie policy of the Interzero Conference website - information about cookies and the rules of their use on the site","breadcrumb":{"@id":"https:\/\/konferencja.interzero.pl\/polityka-cookie\/#breadcrumb"},"inLanguage":"en-GB","potentialAction":[{"@type":"ReadAction","target":["https:\/\/konferencja.interzero.pl\/polityka-cookie\/"]}]},{"@type":"BreadcrumbList","@id":"https:\/\/konferencja.interzero.pl\/polityka-cookie\/#breadcrumb","itemListElement":[{"@type":"ListItem","position":1,"name":"Strona g\u0142\u00f3wna","item":"https:\/\/konferencja.interzero.pl\/"},{"@type":"ListItem","position":2,"name":"Polityka cookies"}]},{"@type":"WebSite","@id":"https:\/\/konferencja.interzero.pl\/#website","url":"https:\/\/konferencja.interzero.pl\/","name":"Interzero Environmental Conference","description":"Join environmental experts and business leaders at the annual meeting on the circular economy, ESG and the latest regulations.","publisher":{"@id":"https:\/\/konferencja.interzero.pl\/#organization"},"potentialAction":[{"@type":"SearchAction","target":{"@type":"EntryPoint","urlTemplate":"https:\/\/konferencja.interzero.pl\/?s={search_term_string}"},"query-input":{"@type":"PropertyValueSpecification","valueRequired":true,"valueName":"search_term_string"}}],"inLanguage":"en-GB"},{"@type":"Organization","@id":"https:\/\/konferencja.interzero.pl\/#organization","name":"Interzero Environmental Conference","url":"https:\/\/konferencja.interzero.pl\/","logo":{"@type":"ImageObject","inLanguage":"en-GB","@id":"https:\/\/konferencja.interzero.pl\/#\/schema\/logo\/image\/","url":"https:\/\/konferencja.interzero.pl\/wp-content\/uploads\/2024\/05\/ks-iz-logo.svg","contentUrl":"https:\/\/konferencja.interzero.pl\/wp-content\/uploads\/2024\/05\/ks-iz-logo.svg","width":2140,"height":430,"caption":"Konferencja \u015arodowiskowa Interzero"},"image":{"@id":"https:\/\/konferencja.interzero.pl\/#\/schema\/logo\/image\/"}}]}},"_links":{"self":[{"href":"https:\/\/konferencja.interzero.pl\/en\/wp-json\/wp\/v2\/pages\/6099","targetHints":{"allow":["GET"]}}],"collection":[{"href":"https:\/\/konferencja.interzero.pl\/en\/wp-json\/wp\/v2\/pages"}],"about":[{"href":"https:\/\/konferencja.interzero.pl\/en\/wp-json\/wp\/v2\/types\/page"}],"author":[{"embeddable":true,"href":"https:\/\/konferencja.interzero.pl\/en\/wp-json\/wp\/v2\/users\/6"}],"replies":[{"embeddable":true,"href":"https:\/\/konferencja.interzero.pl\/en\/wp-json\/wp\/v2\/comments?post=6099"}],"version-history":[{"count":5,"href":"https:\/\/konferencja.interzero.pl\/en\/wp-json\/wp\/v2\/pages\/6099\/revisions"}],"predecessor-version":[{"id":6104,"href":"https:\/\/konferencja.interzero.pl\/en\/wp-json\/wp\/v2\/pages\/6099\/revisions\/6104"}],"wp:attachment":[{"href":"https:\/\/konferencja.interzero.pl\/en\/wp-json\/wp\/v2\/media?parent=6099"}],"curies":[{"name":"wp","href":"https:\/\/api.w.org\/{rel}","templated":true}]}}